{"id":11,"date":"2024-02-29T09:05:50","date_gmt":"2024-02-29T09:05:50","guid":{"rendered":"https:\/\/cantodelmaggio.org\/wp\/blog\/"},"modified":"2026-02-01T12:27:07","modified_gmt":"2026-02-01T12:27:07","slug":"blog","status":"publish","type":"page","link":"https:\/\/cantodelmaggio.org\/wp\/","title":{"rendered":""},"content":{"rendered":"<div class=\"is-style-boxed wp-block-themeisle-blocks-posts-grid\" id=\"wp-block-themeisle-blocks-posts-grid-2b360835\"><div class=\"is-grid o-posts-grid-columns-1\"><div class=\"o-posts-grid-post-blog o-posts-grid-post-plain\"><div class=\"o-posts-grid-post\"><div class=\"o-posts-grid-post-image\"><a href=\"https:\/\/cantodelmaggio.org\/wp\/?p=1699\"><img loading=\"lazy\" decoding=\"async\" width=\"1080\" height=\"542\" src=\"https:\/\/cantodelmaggio.org\/wp\/wp-content\/uploads\/2026\/05\/elena-pg-mod.jpg\" class=\"attachment-full size-full\" alt=\"Elena tra Omero e la Garfagnana\" srcset=\"https:\/\/cantodelmaggio.org\/wp\/wp-content\/uploads\/2026\/05\/elena-pg-mod.jpg 1080w, https:\/\/cantodelmaggio.org\/wp\/wp-content\/uploads\/2026\/05\/elena-pg-mod-300x151.jpg 300w, https:\/\/cantodelmaggio.org\/wp\/wp-content\/uploads\/2026\/05\/elena-pg-mod-1024x514.jpg 1024w, https:\/\/cantodelmaggio.org\/wp\/wp-content\/uploads\/2026\/05\/elena-pg-mod-768x385.jpg 768w\" sizes=\"(max-width: 1080px) 100vw, 1080px\" \/><\/a><\/div><div class=\"o-posts-grid-post-body\"><h4 class=\"o-posts-grid-post-title\"><a href=\"https:\/\/cantodelmaggio.org\/wp\/?p=1699\">Elena tra Omero e la Garfagnana<\/a><\/h4><div class=\"o-posts-grid-post-description\"><p>l presente contributo analizza la figura di Elena di Sparta nell&#039;Iliade omerica e nel libretto del Maggio Drammatico \u00abLa Guerra di Troia\u00bb (versione Luigi Casotti \u00abdal Bozzo\u00bb, 1986, nella riduzione dei Cantori dell&#039;Antico Maggio della Garfagnana, 2026). Attraverso un&#039;analisi comparativa dei livelli narrativo, drammaturgico e poetico-metrico, si evidenzia come il passaggio da epica letteraria a teatro popolare cantato dell&#039;Appennino toscano-emiliano comporti una profonda risemantizzazione del pers\u2026<\/p><\/div><\/div><\/div><\/div><div class=\"o-posts-grid-post-blog o-posts-grid-post-plain\"><div class=\"o-posts-grid-post\"><div class=\"o-posts-grid-post-image\"><a href=\"https:\/\/cantodelmaggio.org\/wp\/?p=1691\"><img loading=\"lazy\" decoding=\"async\" width=\"2560\" height=\"1402\" src=\"https:\/\/cantodelmaggio.org\/wp\/wp-content\/uploads\/2026\/04\/Gemini_Generated_Image_e0rxuoe0rxuoe0rx-fotor-2026042910552-scaled.png\" class=\"attachment-full size-full\" alt=\"Paride nell&#8217;Iliade e Paride nel maggio La guerra di Troia\" srcset=\"https:\/\/cantodelmaggio.org\/wp\/wp-content\/uploads\/2026\/04\/Gemini_Generated_Image_e0rxuoe0rxuoe0rx-fotor-2026042910552-scaled.png 2560w, https:\/\/cantodelmaggio.org\/wp\/wp-content\/uploads\/2026\/04\/Gemini_Generated_Image_e0rxuoe0rxuoe0rx-fotor-2026042910552-300x164.png 300w, https:\/\/cantodelmaggio.org\/wp\/wp-content\/uploads\/2026\/04\/Gemini_Generated_Image_e0rxuoe0rxuoe0rx-fotor-2026042910552-1024x561.png 1024w, https:\/\/cantodelmaggio.org\/wp\/wp-content\/uploads\/2026\/04\/Gemini_Generated_Image_e0rxuoe0rxuoe0rx-fotor-2026042910552-768x421.png 768w, https:\/\/cantodelmaggio.org\/wp\/wp-content\/uploads\/2026\/04\/Gemini_Generated_Image_e0rxuoe0rxuoe0rx-fotor-2026042910552-1536x841.png 1536w, https:\/\/cantodelmaggio.org\/wp\/wp-content\/uploads\/2026\/04\/Gemini_Generated_Image_e0rxuoe0rxuoe0rx-fotor-2026042910552-2048x1122.png 2048w\" sizes=\"(max-width: 2560px) 100vw, 2560px\" \/><\/a><\/div><div class=\"o-posts-grid-post-body\"><h4 class=\"o-posts-grid-post-title\"><a href=\"https:\/\/cantodelmaggio.org\/wp\/?p=1691\">Paride nell&#8217;Iliade e Paride nel maggio La guerra di Troia<\/a><\/h4><div class=\"o-posts-grid-post-description\"><p>Il confronto tra il Paride dell&#039;Iliade omerica e quello del maggio drammatico garfagnino La Guerra di Troia (testo di Luigi Casotti, 1986) rivela come il mito classico si trasformi profondamente nel passaggio alla tradizione orale popolare. In Omero Paride \u00e8 un personaggio ambiguo: bello, seduttore, protetto da Afrodite, capace di fuggire al giudizio grazie all&#039;intervento divino, e mai chiamato a rispondere pubblicamente delle proprie colpe. Nel Maggio egli diventa invece un cavaliere rispettoso\u2026<\/p><\/div><\/div><\/div><\/div><div class=\"o-posts-grid-post-blog o-posts-grid-post-plain\"><div class=\"o-posts-grid-post\"><div class=\"o-posts-grid-post-image\"><a href=\"https:\/\/cantodelmaggio.org\/wp\/?p=1684\"><img loading=\"lazy\" decoding=\"async\" width=\"2560\" height=\"709\" src=\"https:\/\/cantodelmaggio.org\/wp\/wp-content\/uploads\/2026\/04\/Dire-cantare-danzare-scaled.png\" class=\"attachment-full size-full\" alt=\"Narrare \u00e8\u00a0condividere: fiaba, racconto e narrazione viva\" srcset=\"https:\/\/cantodelmaggio.org\/wp\/wp-content\/uploads\/2026\/04\/Dire-cantare-danzare-scaled.png 2560w, https:\/\/cantodelmaggio.org\/wp\/wp-content\/uploads\/2026\/04\/Dire-cantare-danzare-300x83.png 300w, https:\/\/cantodelmaggio.org\/wp\/wp-content\/uploads\/2026\/04\/Dire-cantare-danzare-1024x284.png 1024w, https:\/\/cantodelmaggio.org\/wp\/wp-content\/uploads\/2026\/04\/Dire-cantare-danzare-768x213.png 768w, https:\/\/cantodelmaggio.org\/wp\/wp-content\/uploads\/2026\/04\/Dire-cantare-danzare-1536x425.png 1536w, https:\/\/cantodelmaggio.org\/wp\/wp-content\/uploads\/2026\/04\/Dire-cantare-danzare-2048x567.png 2048w\" sizes=\"(max-width: 2560px) 100vw, 2560px\" \/><\/a><\/div><div class=\"o-posts-grid-post-body\"><h4 class=\"o-posts-grid-post-title\"><a href=\"https:\/\/cantodelmaggio.org\/wp\/?p=1684\">Narrare \u00e8\u00a0condividere: fiaba, racconto e narrazione viva<\/a><\/h4><div class=\"o-posts-grid-post-description\"><p>26 luglio &#8211; L&#039;intervento proposto nell&#039;ambito della Scuola del Dire e del Fare 2026 si configura come un laboratorio pratico dedicato all&#039;arte della narrazione orale, rivolto a insegnanti, educatori e animatori di comunit\u00e0. Partendo dall&#039;esperienza pluriennale di un narratore itinerante, la giornata alterna momenti di partecipazione diretta \u2014 con storie animate da suoni, gesti, filastrocche e canti \u2014 ad approfondimenti sulle risorse del Museo italiano dell&#039;immaginario folklorico e alla presentaz\u2026<\/p><\/div><\/div><\/div><\/div><div class=\"o-posts-grid-post-blog o-posts-grid-post-plain\"><div class=\"o-posts-grid-post\"><div class=\"o-posts-grid-post-image\"><a href=\"https:\/\/cantodelmaggio.org\/wp\/?p=1675\"><img loading=\"lazy\" decoding=\"async\" width=\"2560\" height=\"709\" src=\"https:\/\/cantodelmaggio.org\/wp\/wp-content\/uploads\/2026\/04\/Dire-cantare-danzare-scaled.png\" class=\"attachment-full size-full\" alt=\"Dire cantare danzare nel solco della tradizione 2026: &#8220;Ho sentito una voce tra i venti&#8221;\" srcset=\"https:\/\/cantodelmaggio.org\/wp\/wp-content\/uploads\/2026\/04\/Dire-cantare-danzare-scaled.png 2560w, https:\/\/cantodelmaggio.org\/wp\/wp-content\/uploads\/2026\/04\/Dire-cantare-danzare-300x83.png 300w, https:\/\/cantodelmaggio.org\/wp\/wp-content\/uploads\/2026\/04\/Dire-cantare-danzare-1024x284.png 1024w, https:\/\/cantodelmaggio.org\/wp\/wp-content\/uploads\/2026\/04\/Dire-cantare-danzare-768x213.png 768w, https:\/\/cantodelmaggio.org\/wp\/wp-content\/uploads\/2026\/04\/Dire-cantare-danzare-1536x425.png 1536w, https:\/\/cantodelmaggio.org\/wp\/wp-content\/uploads\/2026\/04\/Dire-cantare-danzare-2048x567.png 2048w\" sizes=\"(max-width: 2560px) 100vw, 2560px\" \/><\/a><\/div><div class=\"o-posts-grid-post-body\"><h4 class=\"o-posts-grid-post-title\"><a href=\"https:\/\/cantodelmaggio.org\/wp\/?p=1675\">Dire cantare danzare nel solco della tradizione 2026: &#8220;Ho sentito una voce tra i venti&#8221;<\/a><\/h4><div class=\"o-posts-grid-post-description\"><p>25 luglio &#8211; \u201cHo sentito una voce tra i venti\u201d \u00e8 un laboratorio di canto che unisce i canti popolari toscani ed emiliani al metodo Lichtenberger\u00ae, un approccio corporeo e percettivo alla voce. Conducono Valentina Turrini e Ilaria Savini, entrambe formatrici certificate, per esplorare il canto come esperienza sensoriale, comunitaria e di ascolto.<\/p><\/div><\/div><\/div><\/div><div class=\"o-posts-grid-post-blog o-posts-grid-post-plain\"><div class=\"o-posts-grid-post\"><div class=\"o-posts-grid-post-image\"><a href=\"https:\/\/cantodelmaggio.org\/wp\/?p=1667\"><img loading=\"lazy\" decoding=\"async\" width=\"1280\" height=\"596\" src=\"https:\/\/cantodelmaggio.org\/wp\/wp-content\/uploads\/2026\/04\/ettore-Achille.png\" class=\"attachment-full size-full\" alt=\"Il duplice volto dell&#8217;eroe: Ettore tra l&#8217;epica omerica e il Maggio drammatico\" srcset=\"https:\/\/cantodelmaggio.org\/wp\/wp-content\/uploads\/2026\/04\/ettore-Achille.png 1280w, https:\/\/cantodelmaggio.org\/wp\/wp-content\/uploads\/2026\/04\/ettore-Achille-300x140.png 300w, https:\/\/cantodelmaggio.org\/wp\/wp-content\/uploads\/2026\/04\/ettore-Achille-1024x477.png 1024w, https:\/\/cantodelmaggio.org\/wp\/wp-content\/uploads\/2026\/04\/ettore-Achille-768x358.png 768w\" sizes=\"(max-width: 1280px) 100vw, 1280px\" \/><\/a><\/div><div class=\"o-posts-grid-post-body\"><h4 class=\"o-posts-grid-post-title\"><a href=\"https:\/\/cantodelmaggio.org\/wp\/?p=1667\">Il duplice volto dell&#8217;eroe: Ettore tra l&#8217;epica omerica e il Maggio drammatico<\/a><\/h4><div class=\"o-posts-grid-post-description\"><p>Il testo mette a confronto la figura di Ettore in due diverse tradizioni letterarie:\n\nIliade (Omero): Ettore \u00e8 un uomo profondamente umano e realistico, segnato dai limiti fisici del corpo (fatica, strazio) e tormentato psicologicamente da paure, dubbi e conflitti interiori.\n\nMaggio drammatico (Casotti): L&#039;eroe perde la sua fragilit\u00e0 per diventare un puro simbolo etico e stoico. La fisicit\u00e0 svanisce a favore della performance teatrale e l&#039;uomo dubbioso lascia il posto a un difensore granitico, m\u2026<\/p><\/div><\/div><\/div><\/div><div class=\"o-posts-grid-post-blog o-posts-grid-post-plain\"><div class=\"o-posts-grid-post\"><div class=\"o-posts-grid-post-image\"><a href=\"https:\/\/cantodelmaggio.org\/wp\/?p=1657\"><img loading=\"lazy\" decoding=\"async\" width=\"1200\" height=\"580\" src=\"https:\/\/cantodelmaggio.org\/wp\/wp-content\/uploads\/2026\/04\/maggianti1-e1775634985680.png\" class=\"attachment-full size-full\" alt=\"Achille nel Maggio \u201cLa Guerra di Troia\u201d e nell\u2019Iliade: due eroismi a confronto\" srcset=\"https:\/\/cantodelmaggio.org\/wp\/wp-content\/uploads\/2026\/04\/maggianti1-e1775634985680.png 1200w, https:\/\/cantodelmaggio.org\/wp\/wp-content\/uploads\/2026\/04\/maggianti1-e1775634985680-300x145.png 300w, https:\/\/cantodelmaggio.org\/wp\/wp-content\/uploads\/2026\/04\/maggianti1-e1775634985680-1024x495.png 1024w, https:\/\/cantodelmaggio.org\/wp\/wp-content\/uploads\/2026\/04\/maggianti1-e1775634985680-768x371.png 768w\" sizes=\"(max-width: 1200px) 100vw, 1200px\" \/><\/a><\/div><div class=\"o-posts-grid-post-body\"><h4 class=\"o-posts-grid-post-title\"><a href=\"https:\/\/cantodelmaggio.org\/wp\/?p=1657\">Achille nel Maggio \u201cLa Guerra di Troia\u201d e nell\u2019Iliade: due eroismi a confronto<\/a><\/h4><div class=\"o-posts-grid-post-description\"><p>Nel Maggio drammatico La Guerra di Troia, Achille mantiene i tratti dell\u2019eroe valoroso ma viene trasformato in figura morale, umana e compassionevole. L\u2019ira dell\u2019Iliade, motore tragico e divino, diventa nel Maggio un sentimento controllato e giustificato dall\u2019offesa. Gli d\u00e8i \u2014 Teti, Vulcano e Giove \u2014 non rappresentano pi\u00f9 forze del destino ma valori morali: la maternit\u00e0, la solidariet\u00e0 e la giustizia. L\u2019epos omerico si fa canto popolare: Achille non cerca gloria eterna ma redenzione; la guerra n\u2026<\/p><\/div><\/div><\/div><\/div><div class=\"o-posts-grid-post-blog o-posts-grid-post-plain\"><div class=\"o-posts-grid-post\"><div class=\"o-posts-grid-post-image\"><a href=\"https:\/\/cantodelmaggio.org\/wp\/?p=1647\"><img loading=\"lazy\" decoding=\"async\" width=\"2560\" height=\"1429\" src=\"https:\/\/cantodelmaggio.org\/wp\/wp-content\/uploads\/2026\/03\/1773917850200-scaled.png\" class=\"attachment-full size-full\" alt=\"LA PASSIONE DI CRISTO NEL MAGGIO DRAMMATICO\" srcset=\"https:\/\/cantodelmaggio.org\/wp\/wp-content\/uploads\/2026\/03\/1773917850200-scaled.png 2560w, https:\/\/cantodelmaggio.org\/wp\/wp-content\/uploads\/2026\/03\/1773917850200-300x167.png 300w, https:\/\/cantodelmaggio.org\/wp\/wp-content\/uploads\/2026\/03\/1773917850200-1024x572.png 1024w, https:\/\/cantodelmaggio.org\/wp\/wp-content\/uploads\/2026\/03\/1773917850200-768x429.png 768w, https:\/\/cantodelmaggio.org\/wp\/wp-content\/uploads\/2026\/03\/1773917850200-1536x857.png 1536w, https:\/\/cantodelmaggio.org\/wp\/wp-content\/uploads\/2026\/03\/1773917850200-2048x1143.png 2048w\" sizes=\"(max-width: 2560px) 100vw, 2560px\" \/><\/a><\/div><div class=\"o-posts-grid-post-body\"><h4 class=\"o-posts-grid-post-title\"><a href=\"https:\/\/cantodelmaggio.org\/wp\/?p=1647\">LA PASSIONE DI CRISTO NEL MAGGIO DRAMMATICO<\/a><\/h4><div class=\"o-posts-grid-post-description\"><p>l testo analizza un Maggio drammatico garfagnino sulla Passione di Cristo (versione Casotti, 1985), mettendo in luce come esso armonizzi i quattro Vangeli e li rielabori poeticamente per il teatro popolare montano, ampliando figure secondarie per dare voce al sentire emotivo e devozionale delle comunit\u00e0 rurali. In particolare vengono approfonditi i personaggi di Procula, Malco, Giuda ed Erode Antipa, trasformati in figure fortemente drammatiche e psicologicamente complesse, cos\u00ec da umanizzare la\u2026<\/p><\/div><\/div><\/div><\/div><div class=\"o-posts-grid-post-blog o-posts-grid-post-plain\"><div class=\"o-posts-grid-post\"><div class=\"o-posts-grid-post-image\"><a href=\"https:\/\/cantodelmaggio.org\/wp\/?p=1622\"><img loading=\"lazy\" decoding=\"async\" width=\"1200\" height=\"690\" src=\"https:\/\/cantodelmaggio.org\/wp\/wp-content\/uploads\/2026\/01\/DSC02993-e1768465887850.jpg\" class=\"attachment-full size-full\" alt=\"Anno nuovo &#8230; appuntamenti nuovi col maggio epico &#8211; Canto del maggio Festival 2026 e altro\" srcset=\"https:\/\/cantodelmaggio.org\/wp\/wp-content\/uploads\/2026\/01\/DSC02993-e1768465887850.jpg 1200w, https:\/\/cantodelmaggio.org\/wp\/wp-content\/uploads\/2026\/01\/DSC02993-e1768465887850-300x173.jpg 300w, https:\/\/cantodelmaggio.org\/wp\/wp-content\/uploads\/2026\/01\/DSC02993-e1768465887850-1024x589.jpg 1024w, https:\/\/cantodelmaggio.org\/wp\/wp-content\/uploads\/2026\/01\/DSC02993-e1768465887850-768x442.jpg 768w\" sizes=\"(max-width: 1200px) 100vw, 1200px\" \/><\/a><\/div><div class=\"o-posts-grid-post-body\"><h4 class=\"o-posts-grid-post-title\"><a href=\"https:\/\/cantodelmaggio.org\/wp\/?p=1622\">Anno nuovo &#8230; appuntamenti nuovi col maggio epico &#8211; Canto del maggio Festival 2026 e altro<\/a><\/h4><div class=\"o-posts-grid-post-description\"><p>Il progetto punta a rigenerare il Canto del Maggio Epico attraverso un modello di trasmissione intergenerazionale: i giovani attori apprendono per osmosi dai maestri cantori, studiando la metrica e la vocalit\u00e0 tradizionale. L&#039;azione unisce la pratica comunitaria (prove aperte e canti nei borghi) alla ricerca scientifica, valorizzando archivi internazionali e sperimentando nuove forme di teatro e arte figurativa per garantire che questa tradizione orale evolva in un linguaggio contemporaneo.<\/p><\/div><\/div><\/div><\/div><div class=\"o-posts-grid-post-blog o-posts-grid-post-plain\"><div class=\"o-posts-grid-post\"><div class=\"o-posts-grid-post-image\"><a href=\"https:\/\/cantodelmaggio.org\/wp\/?p=1615\"><img loading=\"lazy\" decoding=\"async\" width=\"1200\" height=\"628\" src=\"https:\/\/cantodelmaggio.org\/wp\/wp-content\/uploads\/2025\/12\/Untitled-Design-54.png\" class=\"attachment-full size-full\" alt=\"Il tema della pace nel maggio drammatico\" srcset=\"https:\/\/cantodelmaggio.org\/wp\/wp-content\/uploads\/2025\/12\/Untitled-Design-54.png 1200w, https:\/\/cantodelmaggio.org\/wp\/wp-content\/uploads\/2025\/12\/Untitled-Design-54-300x157.png 300w, https:\/\/cantodelmaggio.org\/wp\/wp-content\/uploads\/2025\/12\/Untitled-Design-54-1024x536.png 1024w, https:\/\/cantodelmaggio.org\/wp\/wp-content\/uploads\/2025\/12\/Untitled-Design-54-768x402.png 768w\" sizes=\"(max-width: 1200px) 100vw, 1200px\" \/><\/a><\/div><div class=\"o-posts-grid-post-body\"><h4 class=\"o-posts-grid-post-title\"><a href=\"https:\/\/cantodelmaggio.org\/wp\/?p=1615\">Il tema della pace nel maggio drammatico<\/a><\/h4><div class=\"o-posts-grid-post-description\"><p>Nel maggio drammatico toscano ed emiliano la pace \u00e8 il vero orizzonte simbolico: i contrasti messi in scena (guerre, faide, vendette) vengono quasi sempre condotti verso riconciliazioni, perdoni e auguri finali di armonia comunitaria, trasformando il conflitto reale in laboratorio rituale di convivenza. La coralit\u00e0 del canto, i finali benedicenti e la ripetizione annuale delle rappresentazioni fanno del maggio un dispositivo popolare di manutenzione della pace, intesa insieme come valore cristia\u2026<\/p><\/div><\/div><\/div><\/div><div class=\"o-posts-grid-post-blog o-posts-grid-post-plain\"><div class=\"o-posts-grid-post\"><div class=\"o-posts-grid-post-image\"><a href=\"https:\/\/cantodelmaggio.org\/wp\/?p=1603\"><img loading=\"lazy\" decoding=\"async\" width=\"800\" height=\"450\" src=\"https:\/\/cantodelmaggio.org\/wp\/wp-content\/uploads\/2025\/12\/vlcsnap-2025-12-22-16h38m49s881-e1766418071674.png\" class=\"attachment-full size-full\" alt=\"La Nativit\u00e0 e la strage degli innocenti &#8211; Approfondimento di un&#8217;ottava\" \/><\/a><\/div><div class=\"o-posts-grid-post-body\"><h4 class=\"o-posts-grid-post-title\"><a href=\"https:\/\/cantodelmaggio.org\/wp\/?p=1603\">La Nativit\u00e0 e la strage degli innocenti &#8211; Approfondimento di un&#8217;ottava<\/a><\/h4><div class=\"o-posts-grid-post-description\"><p>L\u2019ottava del Maggio mette in parallelo la povert\u00e0 di Betlemme e quella contadina: il Natale appare come nascita fragile in un \u00abmondo ingrato\u00bb, ma riscaldata da una piccola comunit\u00e0 di soccorso (Maria, Giuseppe, asino e bue) che rispecchia l\u2019animo popolare e la sua speranza dentro la durezza del vivere.<\/p><\/div><\/div><\/div><\/div><div class=\"o-posts-grid-post-blog o-posts-grid-post-plain\"><div class=\"o-posts-grid-post\"><div class=\"o-posts-grid-post-image\"><a href=\"https:\/\/cantodelmaggio.org\/wp\/?p=1596\"><img loading=\"lazy\" decoding=\"async\" width=\"1785\" height=\"645\" src=\"https:\/\/cantodelmaggio.org\/wp\/wp-content\/uploads\/2025\/12\/vlcsnap-2025-12-15-18h01m04s367-fotor-202512151843-e1765818424968.png\" class=\"attachment-full size-full\" alt=\"La strage degli innocenti\" srcset=\"https:\/\/cantodelmaggio.org\/wp\/wp-content\/uploads\/2025\/12\/vlcsnap-2025-12-15-18h01m04s367-fotor-202512151843-e1765818424968.png 1785w, https:\/\/cantodelmaggio.org\/wp\/wp-content\/uploads\/2025\/12\/vlcsnap-2025-12-15-18h01m04s367-fotor-202512151843-e1765818424968-300x108.png 300w, https:\/\/cantodelmaggio.org\/wp\/wp-content\/uploads\/2025\/12\/vlcsnap-2025-12-15-18h01m04s367-fotor-202512151843-e1765818424968-1024x370.png 1024w, https:\/\/cantodelmaggio.org\/wp\/wp-content\/uploads\/2025\/12\/vlcsnap-2025-12-15-18h01m04s367-fotor-202512151843-e1765818424968-768x278.png 768w, https:\/\/cantodelmaggio.org\/wp\/wp-content\/uploads\/2025\/12\/vlcsnap-2025-12-15-18h01m04s367-fotor-202512151843-e1765818424968-1536x555.png 1536w\" sizes=\"(max-width: 1785px) 100vw, 1785px\" \/><\/a><\/div><div class=\"o-posts-grid-post-body\"><h4 class=\"o-posts-grid-post-title\"><a href=\"https:\/\/cantodelmaggio.org\/wp\/?p=1596\">La strage degli innocenti<\/a><\/h4><div class=\"o-posts-grid-post-description\"><p>Sebbene il &#8220;Maggio drammatico&#8221; (o epico) sia famoso soprattutto per i temi cavallereschi (i paladini di Francia, l&#8217;Ariosto, il Tasso), esiste un filone parallelo e molto sentito chiamato Maggio Sacro o Maggio delle Anime, che mette in scena episodi biblici. Il tema della Strage degli Innocenti \u00e8 uno dei pi\u00f9 potenti e rappresentati in questo [&hellip;]<\/p><\/div><\/div><\/div><\/div><div class=\"o-posts-grid-post-blog o-posts-grid-post-plain\"><div class=\"o-posts-grid-post\"><div class=\"o-posts-grid-post-image\"><a href=\"https:\/\/cantodelmaggio.org\/wp\/?p=1592\"><img loading=\"lazy\" decoding=\"async\" width=\"1997\" height=\"860\" src=\"https:\/\/cantodelmaggio.org\/wp\/wp-content\/uploads\/2025\/11\/Pia-gruppo-fotor-20251111161439.png\" class=\"attachment-full size-full\" alt=\"Sempre la Pia\" srcset=\"https:\/\/cantodelmaggio.org\/wp\/wp-content\/uploads\/2025\/11\/Pia-gruppo-fotor-20251111161439.png 1997w, https:\/\/cantodelmaggio.org\/wp\/wp-content\/uploads\/2025\/11\/Pia-gruppo-fotor-20251111161439-300x129.png 300w, https:\/\/cantodelmaggio.org\/wp\/wp-content\/uploads\/2025\/11\/Pia-gruppo-fotor-20251111161439-1024x441.png 1024w, https:\/\/cantodelmaggio.org\/wp\/wp-content\/uploads\/2025\/11\/Pia-gruppo-fotor-20251111161439-768x331.png 768w, https:\/\/cantodelmaggio.org\/wp\/wp-content\/uploads\/2025\/11\/Pia-gruppo-fotor-20251111161439-1536x661.png 1536w\" sizes=\"(max-width: 1997px) 100vw, 1997px\" \/><\/a><\/div><div class=\"o-posts-grid-post-body\"><h4 class=\"o-posts-grid-post-title\"><a href=\"https:\/\/cantodelmaggio.org\/wp\/?p=1592\">Sempre la Pia<\/a><\/h4><div class=\"o-posts-grid-post-description\"><p>Il Maggio de &quot;La Pia de&#039; Tolomei&quot; trasforma il conflitto da epico a sentimentale. \u00c8 il dramma della virt\u00f9 assoluta (Pia) che subisce un doppio tradimento: la calunnia di adulterio e la crudele mancanza di fiducia del marito (Nello), che la lascia morire. La fedelt\u00e0 di Pia trionfa spiritualmente attraverso il perdono finale.<\/p><\/div><\/div><\/div><\/div><\/div> <\/div>","protected":false},"excerpt":{"rendered":"","protected":false},"author":1,"featured_media":0,"parent":0,"menu_order":0,"comment_status":"closed","ping_status":"closed","template":"","meta":{"elearning_container_layout":"tg-site-layout--default","elearning_sidebar_layout":"tg-site-layout--default","elearning_remove_content_margin":false,"elearning_sidebar":"default","elearning_transparent_header":"customizer","elearning_logo":0,"elearning_header_style":"default","elearning_menu_item_color":"","elearning_menu_item_hover_color":"","elearning_menu_item_active_color":"","elearning_menu_item_active_style":"","elearning_page_header":true,"_themeisle_gutenberg_block_has_review":false,"footnotes":""},"class_list":["post-11","page","type-page","status-publish","hentry"],"_links":{"self":[{"href":"https:\/\/cantodelmaggio.org\/wp\/index.php?rest_route=\/wp\/v2\/pages\/11","targetHints":{"allow":["GET"]}}],"collection":[{"href":"https:\/\/cantodelmaggio.org\/wp\/index.php?rest_route=\/wp\/v2\/pages"}],"about":[{"href":"https:\/\/cantodelmaggio.org\/wp\/index.php?rest_route=\/wp\/v2\/types\/page"}],"author":[{"embeddable":true,"href":"https:\/\/cantodelmaggio.org\/wp\/index.php?rest_route=\/wp\/v2\/users\/1"}],"replies":[{"embeddable":true,"href":"https:\/\/cantodelmaggio.org\/wp\/index.php?rest_route=%2Fwp%2Fv2%2Fcomments&post=11"}],"version-history":[{"count":2,"href":"https:\/\/cantodelmaggio.org\/wp\/index.php?rest_route=\/wp\/v2\/pages\/11\/revisions"}],"predecessor-version":[{"id":1632,"href":"https:\/\/cantodelmaggio.org\/wp\/index.php?rest_route=\/wp\/v2\/pages\/11\/revisions\/1632"}],"wp:attachment":[{"href":"https:\/\/cantodelmaggio.org\/wp\/index.php?rest_route=%2Fwp%2Fv2%2Fmedia&parent=11"}],"curies":[{"name":"wp","href":"https:\/\/api.w.org\/{rel}","templated":true}]}}